{"id":42,"date":"2010-03-12T10:18:30","date_gmt":"2010-03-12T12:18:30","guid":{"rendered":"http:\/\/santangelo.adv.br\/?page_id=42"},"modified":"2023-05-26T13:50:59","modified_gmt":"2023-05-26T15:50:59","slug":"curriculo","status":"publish","type":"page","link":"https:\/\/santangelo.adv.br\/?page_id=42","title":{"rendered":"Advogados"},"content":{"rendered":"<p><strong>Dr. FABIANO SANTANGELO<\/strong>, bacharel em Direito pela Faculdade de Direito de Joinville, advogado desde dezembro de 2000 com a OAB \/ SC N\u00ba 15388.<\/p>\n<p>Especialista em Direito Ambiental pela Universidade Federal do Paran\u00e1-UFPR.<\/p>\n<p>Membro do Conselho Municipal de Meio Ambiente de Joinville &#8211; Comdema, pela OAB\/SC.<\/p>\n<p>Membro do Conselho Estadual de Meio Ambiente &#8211; Consema\/SC, e da respectiva C\u00e2mara T\u00e9cnica para Assuntos Jur\u00eddicos &#8211; CTAJ, ambos pela Federa\u00e7\u00e3o Catarinense de munic\u00edpios &#8211; FECAM\/SC.<\/p>\n<p>Ex-Assessor Jur\u00eddico da Fundema de Araquari (2020\/2021).<\/p>\n<p>Ocupou cargos p\u00fablicos de 1998 a 2003, 2011, sendo os dois \u00faltimos Assessor Jur\u00eddico da Companhia \u00c1guas de Joinville S\/A.<\/p>\n<p>Ex-s\u00f3cio fundador da empresa CAF- Consultoria Agro Florestal.<\/p>\n<p>Advogado h\u00e1 22 anos atuante em Direito Ambiental, Administrativo, Urban\u00edstico, Agr\u00e1rio, Civil e neg\u00f3cios.<\/p>\n<p>Atualmente Presidente da Comiss\u00e3o de Direito Ambiental e Urban\u00edstico da OAB da Subsec\u00e7\u00e3o de Joinville (09\u00aa Subsec\u00e7\u00e3o da OAB\/SC).<\/p>\n","protected":false},"excerpt":{"rendered":"<p>Dr. FABIANO SANTANGELO, bacharel em Direito pela Faculdade de Direito de Joinville, advogado desde dezembro de 2000 com a OAB \/ SC N\u00ba 15388. Especialista em Direito Ambiental pela Universidade Federal do Paran\u00e1-UFPR. Membro do Conselho Municipal de Meio Ambiente de Joinville &#8211; Comdema, pela OAB\/SC. Membro do Conselho Estadual de Meio Ambiente &#8211; Consema\/SC,<a href=\"https:\/\/santangelo.adv.br\/?page_id=42\">[&#8230;]<\/a><\/p>\n","protected":false},"author":1,"featured_media":0,"parent":0,"menu_order":0,"comment_status":"closed","ping_status":"closed","template":"","meta":[],"_links":{"self":[{"href":"https:\/\/santangelo.adv.br\/index.php?rest_route=\/wp\/v2\/pages\/42"}],"collection":[{"href":"https:\/\/santangelo.adv.br\/index.php?rest_route=\/wp\/v2\/pages"}],"about":[{"href":"https:\/\/santangelo.adv.br\/index.php?rest_route=\/wp\/v2\/types\/page"}],"author":[{"embeddable":true,"href":"https:\/\/santangelo.adv.br\/index.php?rest_route=\/wp\/v2\/users\/1"}],"replies":[{"embeddable":true,"href":"https:\/\/santangelo.adv.br\/index.php?rest_route=%2Fwp%2Fv2%2Fcomments&post=42"}],"version-history":[{"count":37,"href":"https:\/\/santangelo.adv.br\/index.php?rest_route=\/wp\/v2\/pages\/42\/revisions"}],"predecessor-version":[{"id":791,"href":"https:\/\/santangelo.adv.br\/index.php?rest_route=\/wp\/v2\/pages\/42\/revisions\/791"}],"wp:attachment":[{"href":"https:\/\/santangelo.adv.br\/index.php?rest_route=%2Fwp%2Fv2%2Fmedia&parent=42"}],"curies":[{"name":"wp","href":"https:\/\/api.w.org\/{rel}","templated":true}]}}