{"id":2,"date":"2010-01-11T14:35:20","date_gmt":"2010-01-11T16:35:20","guid":{"rendered":"http:\/\/santangelo.adv.br\/?page_id=2"},"modified":"2023-05-26T14:01:52","modified_gmt":"2023-05-26T16:01:52","slug":"sobre","status":"publish","type":"page","link":"https:\/\/santangelo.adv.br\/","title":{"rendered":"Quem Somos"},"content":{"rendered":"<p><span id=\"result_box\" class=\"\" lang=\"pt\"><span class=\"\">SANTANGELO Advocacia <\/span>Ambiental e C\u00edvel<\/span><\/p>\n<p>Somos o mais experiente escrit\u00f3rio de Advocacia especializada em Direito Ambiental de Joinville.<\/p>\n<p>O Escrit\u00f3rio possui como lema &#8220;fazer mais que o m\u00ednimo&#8221;, e assim conduz a defesa dos interesses dos clientes. Para n\u00f3s, a advocacia n\u00e3o \u00e9 apenas um neg\u00f3cio: \u00c9 uma profiss\u00e3o!<\/p>\n<p>Fabiano Santangelo<\/p>\n<p>OAB\/SC 15.388<\/p>\n","protected":false},"excerpt":{"rendered":"<p>SANTANGELO Advocacia Ambiental e C\u00edvel Somos o mais experiente escrit\u00f3rio de Advocacia especializada em Direito Ambiental de Joinville. O Escrit\u00f3rio possui como lema &#8220;fazer mais que o m\u00ednimo&#8221;, e assim conduz a defesa dos interesses dos clientes. Para n\u00f3s, a advocacia n\u00e3o \u00e9 apenas um neg\u00f3cio: \u00c9 uma profiss\u00e3o! Fabiano Santangelo OAB\/SC 15.388<\/p>\n","protected":false},"author":1,"featured_media":0,"parent":0,"menu_order":0,"comment_status":"closed","ping_status":"closed","template":"","meta":[],"_links":{"self":[{"href":"https:\/\/santangelo.adv.br\/index.php?rest_route=\/wp\/v2\/pages\/2"}],"collection":[{"href":"https:\/\/santangelo.adv.br\/index.php?rest_route=\/wp\/v2\/pages"}],"about":[{"href":"https:\/\/santangelo.adv.br\/index.php?rest_route=\/wp\/v2\/types\/page"}],"author":[{"embeddable":true,"href":"https:\/\/santangelo.adv.br\/index.php?rest_route=\/wp\/v2\/users\/1"}],"replies":[{"embeddable":true,"href":"https:\/\/santangelo.adv.br\/index.php?rest_route=%2Fwp%2Fv2%2Fcomments&post=2"}],"version-history":[{"count":53,"href":"https:\/\/santangelo.adv.br\/index.php?rest_route=\/wp\/v2\/pages\/2\/revisions"}],"predecessor-version":[{"id":793,"href":"https:\/\/santangelo.adv.br\/index.php?rest_route=\/wp\/v2\/pages\/2\/revisions\/793"}],"wp:attachment":[{"href":"https:\/\/santangelo.adv.br\/index.php?rest_route=%2Fwp%2Fv2%2Fmedia&parent=2"}],"curies":[{"name":"wp","href":"https:\/\/api.w.org\/{rel}","templated":true}]}}